{"id":874,"date":"2023-12-28T12:09:29","date_gmt":"2023-12-28T11:09:29","guid":{"rendered":"https:\/\/www.soagasy.com\/ma\/?post_type=product&#038;p=874"},"modified":"2024-09-09T18:45:56","modified_gmt":"2024-09-09T17:45:56","slug":"gousse-de-vanille-bourbon-mexique","status":"publish","type":"product","link":"https:\/\/www.soagasy.com\/ma\/boutique\/nos-vanilles\/gousse-de-vanille\/gousse-de-vanille-bourbon-mexique\/","title":{"rendered":"Gousse de vanille bourbon Mexique"},"content":{"rendered":"<h6><strong>Gousse de vanille bourbon du Mexique<\/strong><\/h6>\n<p>D\u00e9couvrez l&rsquo;exquise Gousse de Vanille Bourbon du Mexique, un tr\u00e9sor culinaire qui promet d&rsquo;enrichir vos cr\u00e9ations avec son ar\u00f4me profond et envo\u00fbtant.<\/p>\n<p>Cultiv\u00e9e dans les r\u00e9gions fertiles du Mexique, chaque gousse est s\u00e9lectionn\u00e9e avec soin pour assurer une qualit\u00e9 sup\u00e9rieure. La vari\u00e9t\u00e9 Bourbon, reconnue pour sa richesse aromatique, offre des notes suaves et une douceur exceptionnelle, parfaite pour sublimer vos desserts, vos boissons et vos plats sucr\u00e9s-sal\u00e9s.<\/p>\n<p>Ces gousses de vanille sont non seulement un d\u00e9lice pour les papilles, mais aussi un plaisir visuel, avec leur couleur brun fonc\u00e9 et leur texture lisse et brillante.<\/p>\n<p>Emball\u00e9e avec soin, notre Gousse de Vanille Bourbon du Mexique est le choix id\u00e9al pour les chefs, les p\u00e2tissiers et les amateurs de saveurs authentiques.<\/p>\n<p><strong>Conservation<\/strong><\/p>\n<p>En ces temps de chaleurs , quelques petits conseils de conservation :<\/p>\n<p>Une fois le sous vide ouvert, mettre le restant des gousses dans du papier cuisson ou aluminium, vous pouvez entour\u00e9 le tout de Scotch afin d&rsquo;\u00e9vit\u00e9 les infiltrations d&rsquo;air, mettre ensuite dans un bocal en verre ferm\u00e9, mettre le bocal en verre dans une armoire \u00e0 l&rsquo;abri de l&rsquo;air et de l&rsquo;humidit\u00e9 ou au r\u00e9frig\u00e9rateur ( type no frost de pr\u00e9f\u00e8rence ) .<\/p>\n<p>Ainsi elle se conservent dans le temps et garde leur fra\u00eecheur .<\/p>\n<p>Les gousses de vanille peuvent \u00e9galement \u00eatre congel\u00e9es, et d\u00e9congel\u00e9es au fur et \u00e0 mesure des\u00a0utilisations.<\/p>\n<p><strong>3 points essentiels \u00e0 retenir :<\/strong><\/p>\n<ul>\n<li>Au sec sans humidit\u00e9:<\/li>\n<\/ul>\n<p>Afin d&rsquo;\u00e9vit\u00e9 le d\u00e9veloppement de moisissure caus\u00e9 par un exc\u00e8s d&rsquo;humidit\u00e9.<\/p>\n<ul>\n<li>\u00c0 l&rsquo;abri de la lumi\u00e8re et de la chaleur :<\/li>\n<\/ul>\n<p>La lumi\u00e8re et la chaleur font s\u00e9ch\u00e9es la vanille on parle de dessication.<\/p>\n<ul>\n<li>\u00c0 l&rsquo;abri de l&rsquo;air :<\/li>\n<\/ul>\n<p>Ne m\u00e9langez pas la vanille avec d&rsquo;autre \u00e9pices odorante pour \u00e9viter la perte d&rsquo;ar\u00f4mes.<\/p>\n<p>Nous restons \u00e0 votre disposition pour toute question ou probl\u00e8me de conservation.<\/p>\n<p>Soagasy s&rsquo;engage \u00e0 vous remplacez vos pertes dans la limite du raisonnable ( les gousses d\u00e9t\u00e9rior\u00e9es seront r\u00e9cup\u00e9r\u00e9es biensur ).<\/p>\n","protected":false},"excerpt":{"rendered":"<p>Gousse de Vanille Bourbon du Mexique : ar\u00f4me riche et suave, id\u00e9ale pour desserts et plats raffin\u00e9s.<\/p>\n","protected":false},"featured_media":1079,"comment_status":"open","ping_status":"closed","template":"","meta":{"_seopress_robots_primary_cat":"","_seopress_titles_title":"","_seopress_titles_desc":"","_seopress_robots_index":"","_kad_blocks_custom_css":"","_kad_blocks_head_custom_js":"","_kad_blocks_body_custom_js":"","_kad_blocks_footer_custom_js":"","_themeisle_gutenberg_block_has_review":false,"_kadence_starter_templates_imported_post":false,"_kad_post_transparent":"default","_kad_post_title":"","_kad_post_layout":"default","_kad_post_sidebar_id":"","_kad_post_content_style":"default","_kad_post_vertical_padding":"default","_kad_post_feature":"","_kad_post_feature_position":"","_kad_post_header":false,"_kad_post_footer":false,"_kad_post_classname":""},"product_brand":[],"product_cat":[15,16],"product_tag":[],"product_brands":[],"class_list":{"0":"post-874","1":"product","2":"type-product","3":"status-publish","4":"has-post-thumbnail","6":"product_cat-nos-vanilles","7":"product_cat-gousse-de-vanille","9":"first","10":"instock","11":"featured","12":"taxable","13":"shipping-taxable","14":"purchasable","15":"product-type-variable","16":"entry","17":"content-bg","18":"loop-entry"},"taxonomy_info":{"product_cat":[{"value":15,"label":"Nos vanilles"},{"value":16,"label":"Gousse de vanille"}]},"featured_image_src_large":["https:\/\/www.soagasy.com\/ma\/wp-content\/uploads\/2023\/12\/Photoroom-20240909_184237-461x1024.png",461,1024,true],"author_info":[],"comment_info":0,"_links":{"self":[{"href":"https:\/\/www.soagasy.com\/ma\/wp-json\/wp\/v2\/product\/874","targetHints":{"allow":["GET"]}}],"collection":[{"href":"https:\/\/www.soagasy.com\/ma\/wp-json\/wp\/v2\/product"}],"about":[{"href":"https:\/\/www.soagasy.com\/ma\/wp-json\/wp\/v2\/types\/product"}],"replies":[{"embeddable":true,"href":"https:\/\/www.soagasy.com\/ma\/wp-json\/wp\/v2\/comments?post=874"}],"wp:featuredmedia":[{"embeddable":true,"href":"https:\/\/www.soagasy.com\/ma\/wp-json\/wp\/v2\/media\/1079"}],"wp:attachment":[{"href":"https:\/\/www.soagasy.com\/ma\/wp-json\/wp\/v2\/media?parent=874"}],"wp:term":[{"taxonomy":"product_brand","embeddable":true,"href":"https:\/\/www.soagasy.com\/ma\/wp-json\/wp\/v2\/product_brand?post=874"},{"taxonomy":"product_cat","embeddable":true,"href":"https:\/\/www.soagasy.com\/ma\/wp-json\/wp\/v2\/product_cat?post=874"},{"taxonomy":"product_tag","embeddable":true,"href":"https:\/\/www.soagasy.com\/ma\/wp-json\/wp\/v2\/product_tag?post=874"},{"taxonomy":"product_brands","embeddable":true,"href":"https:\/\/www.soagasy.com\/ma\/wp-json\/wp\/v2\/product_brands?post=874"}],"curies":[{"name":"wp","href":"https:\/\/api.w.org\/{rel}","templated":true}]}}