{"id":640,"date":"2022-10-19T10:45:49","date_gmt":"2022-10-19T09:45:49","guid":{"rendered":"https:\/\/soagasy.com\/?post_type=product&#038;p=640"},"modified":"2024-05-14T17:44:40","modified_gmt":"2024-05-14T16:44:40","slug":"huile-essentielle-ylang-ylang","status":"publish","type":"product","link":"https:\/\/www.soagasy.com\/ma\/boutique\/huiles\/huiles-essentielles\/huile-essentielle-ylang-ylang\/","title":{"rendered":"Huile essentielle ylang ylang"},"content":{"rendered":"<p>L&rsquo;huile essentielle d&rsquo;Ylang-Ylang est traditionnellement utilis\u00e9e pour traiter les cas de :<\/p>\n<ul>\n<li>d&rsquo;hypertension art\u00e9rielle<\/li>\n<li>De stress<\/li>\n<li>de nervosit\u00e9<\/li>\n<li>D&rsquo;angoisse<\/li>\n<li>D&rsquo;insomnie<\/li>\n<li>De l\u00e9g\u00e8re tension<\/li>\n<li>De spasmes respiratoires<\/li>\n<li>De menstrue douloureuses<\/li>\n<li>D&rsquo;acn\u00e9<\/li>\n<li>De peau grasse et terne<\/li>\n<li>De cheveux secs<\/li>\n<\/ul>\n<p><strong>UTILISATION :<\/strong><\/p>\n<p>L&rsquo;huile essentielle d&rsquo;Ylang-ylang<br \/>\ns&rsquo;utilise en olfaction, en diffusion, ou comme ingr\u00e9dient dans les pr\u00e9parations de massage.<\/p>\n<p>Nb: L&rsquo;huile essentielle d&rsquo;Ylang-Ylang est cependant d\u00e9conseill\u00e9 pendant la grossesse l&rsquo;allaitement, et chez les enfants de moins de 3 ans.<\/p>\n<p>&#8211; Sur la peau, toujours bien dilu\u00e9e l&rsquo;ylang ylang afin d&rsquo;\u00e9vit\u00e9 les irritations cutan\u00e9e.<\/p>\n","protected":false},"excerpt":{"rendered":"<p>Originaire des r\u00e9gions tropicales de la zone Indo-pacifique, l&rsquo;Yang Ylang, dont l\u2019\u00e9tymologie signifie \u00ab\u00a0fleurs des fleurs\u00a0\u00bb, est un arbre \u00e0 l\u2019inflorescence et la fragrance exceptionnelle.<br \/>\nCette huile au parfum exotique puissant et voluptueux est une incontournable,<br \/>\nelle fait la convoitises des parfumeur fran\u00e7ais comme chanel&#8230;<\/p>\n","protected":false},"featured_media":641,"comment_status":"open","ping_status":"closed","template":"","meta":{"_seopress_robots_primary_cat":"","_seopress_titles_title":"","_seopress_titles_desc":"","_seopress_robots_index":"","_kad_blocks_custom_css":"","_kad_blocks_head_custom_js":"","_kad_blocks_body_custom_js":"","_kad_blocks_footer_custom_js":"","_themeisle_gutenberg_block_has_review":false,"_kadence_starter_templates_imported_post":false,"_kad_post_transparent":"default","_kad_post_title":"","_kad_post_layout":"default","_kad_post_sidebar_id":"","_kad_post_content_style":"default","_kad_post_vertical_padding":"default","_kad_post_feature":"","_kad_post_feature_position":"","_kad_post_header":false,"_kad_post_footer":false,"_kad_post_classname":""},"product_brand":[],"product_cat":[33],"product_tag":[],"product_brands":[],"class_list":{"0":"post-640","1":"product","2":"type-product","3":"status-publish","4":"has-post-thumbnail","6":"product_cat-huiles-essentielles","8":"first","9":"instock","10":"taxable","11":"shipping-taxable","12":"purchasable","13":"product-type-simple","14":"entry","15":"content-bg","16":"loop-entry"},"taxonomy_info":{"product_cat":[{"value":33,"label":"Huiles essentielles"}]},"featured_image_src_large":["https:\/\/www.soagasy.com\/ma\/wp-content\/uploads\/2022\/10\/ylang-ylang-1024x1024.webp",1024,1024,true],"author_info":[],"comment_info":0,"_links":{"self":[{"href":"https:\/\/www.soagasy.com\/ma\/wp-json\/wp\/v2\/product\/640","targetHints":{"allow":["GET"]}}],"collection":[{"href":"https:\/\/www.soagasy.com\/ma\/wp-json\/wp\/v2\/product"}],"about":[{"href":"https:\/\/www.soagasy.com\/ma\/wp-json\/wp\/v2\/types\/product"}],"replies":[{"embeddable":true,"href":"https:\/\/www.soagasy.com\/ma\/wp-json\/wp\/v2\/comments?post=640"}],"wp:featuredmedia":[{"embeddable":true,"href":"https:\/\/www.soagasy.com\/ma\/wp-json\/wp\/v2\/media\/641"}],"wp:attachment":[{"href":"https:\/\/www.soagasy.com\/ma\/wp-json\/wp\/v2\/media?parent=640"}],"wp:term":[{"taxonomy":"product_brand","embeddable":true,"href":"https:\/\/www.soagasy.com\/ma\/wp-json\/wp\/v2\/product_brand?post=640"},{"taxonomy":"product_cat","embeddable":true,"href":"https:\/\/www.soagasy.com\/ma\/wp-json\/wp\/v2\/product_cat?post=640"},{"taxonomy":"product_tag","embeddable":true,"href":"https:\/\/www.soagasy.com\/ma\/wp-json\/wp\/v2\/product_tag?post=640"},{"taxonomy":"product_brands","embeddable":true,"href":"https:\/\/www.soagasy.com\/ma\/wp-json\/wp\/v2\/product_brands?post=640"}],"curies":[{"name":"wp","href":"https:\/\/api.w.org\/{rel}","templated":true}]}}