{"id":602,"date":"2022-10-13T19:27:01","date_gmt":"2022-10-13T18:27:01","guid":{"rendered":"https:\/\/soagasy.com\/?post_type=product&#038;p=602"},"modified":"2024-09-05T16:30:46","modified_gmt":"2024-09-05T15:30:46","slug":"poivre-sauvage-moulu-de-madagascar","status":"publish","type":"product","link":"https:\/\/www.soagasy.com\/ma\/boutique\/epices\/poivre\/poivre-sauvage-moulu-de-madagascar\/","title":{"rendered":"Poivre sauvage moulu de Madagascar"},"content":{"rendered":"<div dir=\"auto\">\n<p>D\u00e9couvrez le Poivre Sauvage de Madagascar, une \u00e9pice exotique qui \u00e9veille les papilles avec une intensit\u00e9 unique. R\u00e9colt\u00e9 \u00e0 l&rsquo;\u00e9tat sauvage dans les r\u00e9gions luxuriantes de Madagascar, ce poivre offre une saveur robuste et une chaleur exotique.<\/p>\n<\/div>\n<div dir=\"auto\">\n<p><strong>Caract\u00e9ristiques du Poivre Sauvage de Madagascar:<\/strong><\/p>\n<\/div>\n<div dir=\"auto\">\n<p><strong>Origine Naturelle:<\/strong> Cultiv\u00e9 de mani\u00e8re sauvage dans les terres fertiles de Madagascar, ce poivre tire sa saveur distinctive de son environnement naturel unique.<\/p>\n<\/div>\n<div dir=\"auto\">\n<p><strong>Ar\u00f4me Intense:<\/strong> Le Poivre Sauvage de Madagascar offre un ar\u00f4me profond et puissant qui rehausse d\u00e9licieusement vos plats. Son parfum caract\u00e9ristique ajoute une dimension sensorielle \u00e0 vos pr\u00e9parations culinaires.<\/p>\n<\/div>\n<div dir=\"auto\">\n<p><strong>Chaleur \u00c9quilibr\u00e9e:<\/strong> Class\u00e9 \u00e0 un niveau mod\u00e9r\u00e9 sur l&rsquo;\u00e9chelle d&rsquo;intensit\u00e9, ce poivre sauvage apporte une chaleur savoureuse sans dominer les autres saveurs de votre plat.<\/p>\n<\/div>\n<div dir=\"auto\">\n<p><strong>Polyvalence Culinaire:<\/strong> Ajoutez une touche exotique \u00e0 vos recettes pr\u00e9f\u00e9r\u00e9es. Que ce soit dans les plats sal\u00e9s ou sucr\u00e9s, le Poivre Sauvage de Madagascar offre une polyvalence culinaire captivante.<\/p>\n<\/div>\n<div dir=\"auto\">\n<p><strong>Conseils d&rsquo;utilisation:<\/strong> Int\u00e9grez ce poivre dans vos sauces, marinades, ou plats mijot\u00e9s. Commencez par une petite quantit\u00e9, ajustez selon votre go\u00fbt pour une exp\u00e9rience culinaire unique.<\/p>\n<\/div>\n<div dir=\"auto\">\n<p><strong>Indice de Piquant:<\/strong> Mod\u00e9r\u00e9<\/p>\n<\/div>\n<div dir=\"auto\">Ajoutez une dimension aromatique et \u00e9pic\u00e9e \u00e0 votre cuisine avec le Poivre Sauvage de Madagascar, Une exp\u00e9rience gustative exceptionnelle pour les amateurs de saveurs authentiques et exotiques.<\/div>\n<div dir=\"auto\"><\/div>\n<p><strong>Comment s&rsquo;utilise le poivre sauvage de Madagascar ?<\/strong><\/p>\n<p>Le poivre sauvage, ne se s&rsquo;utilise qu&rsquo;entier, moulu ou concass\u00e9 au dernier moment de son utilisation.<\/p>\n<p><strong>Quelle est la saveur du poivre sauvage de Madagascar ?<\/strong><\/p>\n<p>C&rsquo;est un poivre plut\u00f4t\u00a0doux au niveau du piquant au parfum riche et intense. Poss\u00e9dant des\u00a0notes de terre fraiche, subtilement bois\u00e9e d&rsquo;agrumes de fruits et de fleurs<\/p>\n<p><strong>Qu&rsquo;elles sont les vertus du Poivre sauvage de Madagascar<\/strong>\u00a0<strong>?<\/strong><\/p>\n<p><strong>Comme beaucoup d\u2019\u00e9pice, le<\/strong>\u00a0<strong>Voatsiperifery<\/strong> <strong>a<\/strong>\u00a0<strong>plusieurs propri\u00e9t\u00e9s m\u00e9dicinales<\/strong>\u00a0<strong>:<\/strong><\/p>\n<p>Il aide \u00e0 la digestion en favorisant la s\u00e9cr\u00e9tion de sucs gastriques<\/p>\n<p>Il est un anti-acide, donc il r\u00e9duit l\u2019acidit\u00e9 de la cavit\u00e9 buccale<\/p>\n<p>En cas de douleur, cette \u00e9pice est un anti-inflammatoire<\/p>\n<p>En cas de forte douleur dentaire, le poivre soulage puisque c\u2019est un antibact\u00e9rien.<\/p>\n","protected":false},"excerpt":{"rendered":"<p>Le poivre sauvage de Madagascar, ou Voatsiperifery, est un poivre qui pousse dans le Sud de l&rsquo;ile de Madagascar, sur des lianes au sommet de grands arbres mesurant jusqu&rsquo;\u00e0 20 m\u00e8tres de haut. Il est\u00a0r\u00e9colt\u00e9 \u00e0 la main\u00a0par les communaut\u00e9s villageoise malgache. La r\u00e9colte est dangereuse ce qui pousse certains \u00e0 couper l&rsquo;arbre en entier mais cette pratique a un effet direct sur la faune et la flore malgache.<\/p>\n<p>Il est donc l&rsquo;un des seuls poivre en voie d&rsquo;extinction ce qui en fait un produit rare<br \/>\nm\u00eame sur Madagascar.<\/p>\n<p>Quantit\u00e9 :\u00a0 35 grammes<\/p>\n","protected":false},"featured_media":957,"comment_status":"open","ping_status":"closed","template":"","meta":{"_seopress_robots_primary_cat":"","_seopress_titles_title":"","_seopress_titles_desc":"","_seopress_robots_index":"","_kad_blocks_custom_css":"","_kad_blocks_head_custom_js":"","_kad_blocks_body_custom_js":"","_kad_blocks_footer_custom_js":"","_themeisle_gutenberg_block_has_review":false,"_kadence_starter_templates_imported_post":false,"_kad_post_transparent":"default","_kad_post_title":"","_kad_post_layout":"default","_kad_post_sidebar_id":"","_kad_post_content_style":"default","_kad_post_vertical_padding":"default","_kad_post_feature":"","_kad_post_feature_position":"","_kad_post_header":false,"_kad_post_footer":false,"_kad_post_classname":""},"product_brand":[],"product_cat":[31,32],"product_tag":[],"product_brands":[],"class_list":{"0":"post-602","1":"product","2":"type-product","3":"status-publish","4":"has-post-thumbnail","6":"product_cat-epices","7":"product_cat-poivre","9":"first","10":"instock","11":"sale","12":"taxable","13":"shipping-taxable","14":"purchasable","15":"product-type-simple","16":"entry","17":"content-bg","18":"loop-entry"},"taxonomy_info":{"product_cat":[{"value":31,"label":"\u00c9pices"},{"value":32,"label":"Poivre"}]},"featured_image_src_large":["https:\/\/www.soagasy.com\/ma\/wp-content\/uploads\/2022\/10\/ef-1024x1024.webp",1024,1024,true],"author_info":[],"comment_info":0,"_links":{"self":[{"href":"https:\/\/www.soagasy.com\/ma\/wp-json\/wp\/v2\/product\/602","targetHints":{"allow":["GET"]}}],"collection":[{"href":"https:\/\/www.soagasy.com\/ma\/wp-json\/wp\/v2\/product"}],"about":[{"href":"https:\/\/www.soagasy.com\/ma\/wp-json\/wp\/v2\/types\/product"}],"replies":[{"embeddable":true,"href":"https:\/\/www.soagasy.com\/ma\/wp-json\/wp\/v2\/comments?post=602"}],"wp:featuredmedia":[{"embeddable":true,"href":"https:\/\/www.soagasy.com\/ma\/wp-json\/wp\/v2\/media\/957"}],"wp:attachment":[{"href":"https:\/\/www.soagasy.com\/ma\/wp-json\/wp\/v2\/media?parent=602"}],"wp:term":[{"taxonomy":"product_brand","embeddable":true,"href":"https:\/\/www.soagasy.com\/ma\/wp-json\/wp\/v2\/product_brand?post=602"},{"taxonomy":"product_cat","embeddable":true,"href":"https:\/\/www.soagasy.com\/ma\/wp-json\/wp\/v2\/product_cat?post=602"},{"taxonomy":"product_tag","embeddable":true,"href":"https:\/\/www.soagasy.com\/ma\/wp-json\/wp\/v2\/product_tag?post=602"},{"taxonomy":"product_brands","embeddable":true,"href":"https:\/\/www.soagasy.com\/ma\/wp-json\/wp\/v2\/product_brands?post=602"}],"curies":[{"name":"wp","href":"https:\/\/api.w.org\/{rel}","templated":true}]}}