{"id":300,"date":"2022-09-13T08:23:48","date_gmt":"2022-09-13T07:23:48","guid":{"rendered":"https:\/\/www.client.agencewebniabli.com\/?post_type=product&#038;p=300"},"modified":"2024-01-13T16:11:26","modified_gmt":"2024-01-13T15:11:26","slug":"huile-vanillee-a-lhuile-dargan-bio","status":"publish","type":"product","link":"https:\/\/www.soagasy.com\/ma\/boutique\/huiles\/huile-cosmetique\/huile-vanillee-a-lhuile-dargan-bio\/","title":{"rendered":"Huile vanill\u00e9e \u00e0 l&rsquo;huile d&rsquo;argan bio"},"content":{"rendered":"<div dir=\"auto\">\n<h6 dir=\"auto\"><strong>Mac\u00e9r\u00e2t d&rsquo;huile vanill\u00e9e \u00e0 bas d&rsquo;huile d&rsquo;argan bio<\/strong><\/h6>\n<p>&nbsp;<\/p>\n<\/div>\n<div dir=\"auto\">\n<p>Retrouvez tous les bienfaits de la vanille Bourbon de Madagascar, m\u00e9langez \u00e0 tous les bienfaits de l&rsquo;huile d&rsquo;argan bio de la r\u00e9gion d&rsquo;Agadir. Un cocktail de bienfaits pour la peau et les cheveux.<\/p>\n<p>&nbsp;<\/p>\n<\/div>\n<p dir=\"auto\"><strong>Propri\u00e9t\u00e9 :<\/strong><br \/>\nAntioxydant ce mac\u00e9r\u00e2t aide \u00e0 lutter contre le vieillissement cutan\u00e9, il\u00a0 revitalise la peau et les cheveux.<\/p>\n<p dir=\"auto\"><strong>Indication :<\/strong><br \/>\nTous types de peaux et de cheveux, id\u00e9al pour les peaux rid\u00e9es et les cheveux ternes.<\/p>\n<p>Fiole de 30ml<br \/>\nPrix 80dh<\/p>\n<p>Nb : Nos mac\u00e9r\u00e2t sont obtenu \u00e0 raison de 200gr de gousses de vanille bourbon de Madagascar pour 1L d&rsquo;huile.<br \/>\nLa gousse de vanille bourbon pr\u00e9sente dans la fiole continue la mac\u00e9ration pour encore plus de gourmandise.<\/p>\n","protected":false},"excerpt":{"rendered":"<p>Sublimez-vous avec notre gamme d&rsquo;huile vanill\u00e9e Soagasy, 100 % Naturelle. Nos mac\u00e9r\u00e2t \u00e0 base d&rsquo;huile d&rsquo;argan bio sont parfait pour la peau et les cheveux.<\/p>\n","protected":false},"featured_media":961,"comment_status":"open","ping_status":"closed","template":"","meta":{"_seopress_robots_primary_cat":"","_seopress_titles_title":"","_seopress_titles_desc":"","_seopress_robots_index":"","_kad_blocks_custom_css":"","_kad_blocks_head_custom_js":"","_kad_blocks_body_custom_js":"","_kad_blocks_footer_custom_js":"","_themeisle_gutenberg_block_has_review":false,"_kadence_starter_templates_imported_post":false,"_kad_post_transparent":"default","_kad_post_title":"","_kad_post_layout":"default","_kad_post_sidebar_id":"","_kad_post_content_style":"default","_kad_post_vertical_padding":"default","_kad_post_feature":"","_kad_post_feature_position":"","_kad_post_header":false,"_kad_post_footer":false,"_kad_post_classname":""},"product_brand":[],"product_cat":[18],"product_tag":[],"product_brands":[],"class_list":{"0":"post-300","1":"product","2":"type-product","3":"status-publish","4":"has-post-thumbnail","6":"product_cat-huile-cosmetique","8":"first","9":"instock","10":"taxable","11":"shipping-taxable","12":"purchasable","13":"product-type-simple","14":"entry","15":"content-bg","16":"loop-entry"},"taxonomy_info":{"product_cat":[{"value":18,"label":"Huile cosm\u00e9tique"}]},"featured_image_src_large":["https:\/\/www.soagasy.com\/ma\/wp-content\/uploads\/2022\/09\/efef-1024x1024.webp",1024,1024,true],"author_info":[],"comment_info":0,"_links":{"self":[{"href":"https:\/\/www.soagasy.com\/ma\/wp-json\/wp\/v2\/product\/300","targetHints":{"allow":["GET"]}}],"collection":[{"href":"https:\/\/www.soagasy.com\/ma\/wp-json\/wp\/v2\/product"}],"about":[{"href":"https:\/\/www.soagasy.com\/ma\/wp-json\/wp\/v2\/types\/product"}],"replies":[{"embeddable":true,"href":"https:\/\/www.soagasy.com\/ma\/wp-json\/wp\/v2\/comments?post=300"}],"wp:featuredmedia":[{"embeddable":true,"href":"https:\/\/www.soagasy.com\/ma\/wp-json\/wp\/v2\/media\/961"}],"wp:attachment":[{"href":"https:\/\/www.soagasy.com\/ma\/wp-json\/wp\/v2\/media?parent=300"}],"wp:term":[{"taxonomy":"product_brand","embeddable":true,"href":"https:\/\/www.soagasy.com\/ma\/wp-json\/wp\/v2\/product_brand?post=300"},{"taxonomy":"product_cat","embeddable":true,"href":"https:\/\/www.soagasy.com\/ma\/wp-json\/wp\/v2\/product_cat?post=300"},{"taxonomy":"product_tag","embeddable":true,"href":"https:\/\/www.soagasy.com\/ma\/wp-json\/wp\/v2\/product_tag?post=300"},{"taxonomy":"product_brands","embeddable":true,"href":"https:\/\/www.soagasy.com\/ma\/wp-json\/wp\/v2\/product_brands?post=300"}],"curies":[{"name":"wp","href":"https:\/\/api.w.org\/{rel}","templated":true}]}}