{"id":296,"date":"2022-09-13T07:57:52","date_gmt":"2022-09-13T06:57:52","guid":{"rendered":"https:\/\/www.client.agencewebniabli.com\/?post_type=product&#038;p=296"},"modified":"2024-09-09T18:16:38","modified_gmt":"2024-09-09T17:16:38","slug":"huile-vanillee","status":"publish","type":"product","link":"https:\/\/www.soagasy.com\/ma\/boutique\/huiles\/huile-cosmetique\/huile-vanillee\/","title":{"rendered":"Huile vanill\u00e9e \u00e0 l&rsquo;huile d&rsquo;amande douce"},"content":{"rendered":"<h6 dir=\"auto\"><strong>Mac\u00e9r\u00e2t d&rsquo;huile vanill\u00e9e \u00e0 bas d&rsquo;huile d&rsquo;amande douce<\/strong><\/h6>\n<p>Issue de la mac\u00e9ration de gousses de Vanille bourbon de Madagascar dans l&rsquo;huile d&rsquo;amande douce bio, l&rsquo;huile cosm\u00e9tique SOAGASY poss\u00e8de une senteur suave de Vanille, qui lui vaut sa r\u00e9putation. Protectrice et nourrissante, elle s&#8217;emploie \u00e0 merveille sur la peau, les cheveux ou en huiles de massage.<\/p>\n<div dir=\"auto\"><strong>Propri\u00e9t\u00e9:<\/strong><br \/>\nNaturellement parfum\u00e9, ce mac\u00e9r\u00e2t pr\u00e9sente l&rsquo;odeur\u00a0 naturelle\u00a0 de la vanille Bourbon de Madagascar. Tr\u00e8s p\u00e9n\u00e9trant il maintient l&rsquo;hydratation de la peau, la nourrit et l&rsquo;adoucit. Sur les cheveux il accorde brillance et souplesse.<\/p>\n<div dir=\"auto\"><\/div>\n<div dir=\"auto\"><strong>Indication:<\/strong><br \/>\nTous types de peaux et de cheveux, id\u00e9al pour les peaux s\u00e8ches et les cheveux ab\u00eem\u00e9.<\/div>\n<div dir=\"auto\"><\/div>\n<div dir=\"auto\">Fiole de 30<br \/>\nPrix 50<\/div>\n<div dir=\"auto\"><\/div>\n<div dir=\"auto\">dhNb : Nos mac\u00e9r\u00e2t sont obtenu \u00e0 raison de 200gr de gousses de vanille bourbon de Madagascar pour 1L d&rsquo;huile.<br \/>\nLa gousse de vanille bourbon pr\u00e9sente dans la fiole continue la mac\u00e9ration pour encore plus de gourmandise.<\/div>\n<\/div>\n","protected":false},"excerpt":{"rendered":"<p>Sublimez-vous avec notre gamme d&rsquo;huile vanill\u00e9e Soagasy, 100 % Naturelle nos mac\u00e9r\u00e2t \u00e0 base d&rsquo;huile d&rsquo;amande douce bio sont parfait pour la peau et les cheveux.<\/p>\n","protected":false},"featured_media":962,"comment_status":"open","ping_status":"closed","template":"","meta":{"_seopress_robots_primary_cat":"","_seopress_titles_title":"","_seopress_titles_desc":"","_seopress_robots_index":"","_kad_blocks_custom_css":"","_kad_blocks_head_custom_js":"","_kad_blocks_body_custom_js":"","_kad_blocks_footer_custom_js":"","_themeisle_gutenberg_block_has_review":false,"_kadence_starter_templates_imported_post":false,"_kad_post_transparent":"default","_kad_post_title":"","_kad_post_layout":"default","_kad_post_sidebar_id":"","_kad_post_content_style":"default","_kad_post_vertical_padding":"default","_kad_post_feature":"","_kad_post_feature_position":"","_kad_post_header":false,"_kad_post_footer":false,"_kad_post_classname":""},"product_brand":[],"product_cat":[18],"product_tag":[],"product_brands":[],"class_list":{"0":"post-296","1":"product","2":"type-product","3":"status-publish","4":"has-post-thumbnail","6":"product_cat-huile-cosmetique","8":"first","9":"instock","10":"taxable","11":"shipping-taxable","12":"purchasable","13":"product-type-simple","14":"entry","15":"content-bg","16":"loop-entry"},"taxonomy_info":{"product_cat":[{"value":18,"label":"Huile cosm\u00e9tique"}]},"featured_image_src_large":["https:\/\/www.soagasy.com\/ma\/wp-content\/uploads\/2022\/09\/ty--1024x1024.webp",1024,1024,true],"author_info":[],"comment_info":0,"_links":{"self":[{"href":"https:\/\/www.soagasy.com\/ma\/wp-json\/wp\/v2\/product\/296","targetHints":{"allow":["GET"]}}],"collection":[{"href":"https:\/\/www.soagasy.com\/ma\/wp-json\/wp\/v2\/product"}],"about":[{"href":"https:\/\/www.soagasy.com\/ma\/wp-json\/wp\/v2\/types\/product"}],"replies":[{"embeddable":true,"href":"https:\/\/www.soagasy.com\/ma\/wp-json\/wp\/v2\/comments?post=296"}],"wp:featuredmedia":[{"embeddable":true,"href":"https:\/\/www.soagasy.com\/ma\/wp-json\/wp\/v2\/media\/962"}],"wp:attachment":[{"href":"https:\/\/www.soagasy.com\/ma\/wp-json\/wp\/v2\/media?parent=296"}],"wp:term":[{"taxonomy":"product_brand","embeddable":true,"href":"https:\/\/www.soagasy.com\/ma\/wp-json\/wp\/v2\/product_brand?post=296"},{"taxonomy":"product_cat","embeddable":true,"href":"https:\/\/www.soagasy.com\/ma\/wp-json\/wp\/v2\/product_cat?post=296"},{"taxonomy":"product_tag","embeddable":true,"href":"https:\/\/www.soagasy.com\/ma\/wp-json\/wp\/v2\/product_tag?post=296"},{"taxonomy":"product_brands","embeddable":true,"href":"https:\/\/www.soagasy.com\/ma\/wp-json\/wp\/v2\/product_brands?post=296"}],"curies":[{"name":"wp","href":"https:\/\/api.w.org\/{rel}","templated":true}]}}