{"id":290,"date":"2022-09-13T07:43:49","date_gmt":"2022-09-13T06:43:49","guid":{"rendered":"https:\/\/www.client.agencewebniabli.com\/?post_type=product&#038;p=290"},"modified":"2026-04-22T21:20:48","modified_gmt":"2026-04-22T20:20:48","slug":"the-noir-masala-chai","status":"publish","type":"product","link":"https:\/\/www.soagasy.com\/ma\/boutique\/thes\/the-noir-masala-chai\/","title":{"rendered":"Th\u00e9 noir Masala cha\u00ef"},"content":{"rendered":"<h6 dir=\"auto\" style=\"text-align: left;\"><strong>Th\u00e9 noir Masala Cha\u00ef<\/strong><\/h6>\n<p>Dans notre cr\u00e9ation vous trouverez tout d&rsquo;abord une base de th\u00e9 noir de Madagascar sahambavy ( 50%) .<br \/>\nNous y avons ajout\u00e9 diff\u00e9rentes \u00e9pices : gingembre sec , cannelle,\u00a0 baie rose de Madagascar,\u00a0 cardamome,\u00a0 poivre noir , et clou de girofle, tous issue de l&rsquo;agriculture biologique.<br \/>\nCe cocktail stimulant est id\u00e9al pour commencer la journ\u00e9e et se donner un coups de booste, il est un v\u00e9ritable voyage pour les amateurs de th\u00e9.<\/p>\n<div dir=\"auto\"><strong>Bienfaits :<\/strong><\/div>\n<p>Pr\u00e9vient le rhume et la congestion nasale<br \/>\nPropri\u00e9t\u00e9s anti-inflammatoires<br \/>\nAugmente l&rsquo;\u00e9nergie et l&rsquo;immunit\u00e9<br \/>\nAide \u00e0 la digestion<br \/>\nPropri\u00e9t\u00e9s anti-oxydants pr\u00e9sente dans le th\u00e9<br \/>\nContr\u00f4le de la pression art\u00e9rielle<br \/>\nPr\u00e9vention du cancer<br \/>\nAm\u00e9liore le m\u00e9tabolisme<br \/>\nEmp\u00eache les ballonnements<\/p>\n<div dir=\"auto\"><strong>Pr\u00e9paration :<\/strong><br \/>\nFaire infuser la quantit\u00e9 d\u00e9sir\u00e9e de Cha\u00ef dans 2\/3 d&rsquo;eau \u00e0 95\u00b0C et 1\/3 de lait, puis laisser infuser durant 3 \u00e0 5 minutes.<\/div>\n<div dir=\"auto\">Sachet de 50gr<\/div>\n<div dir=\"auto\">Prix 50dh<\/div>\n<div dir=\"auto\">\n<div dir=\"auto\"><\/div>\n<div dir=\"auto\">\n<p><strong>\u00c9l\u00e9gance en Toute Simplicit\u00e9<\/strong><\/p>\n<\/div>\n<div dir=\"auto\">\n<p>D\u00e9couvrez l&rsquo;exp\u00e9rience th\u00e9in\u00e9e unique de Soa Gasy avec notre Th\u00e9 Noir Bio Masala. Unissant le th\u00e9 noir biologique \u00e0 la douceur de la vanille et \u00e0 la chaleur subtile du poivre, chaque tasse est une symphonie \u00e9quilibr\u00e9e de saveurs.<\/p>\n<\/div>\n<div dir=\"auto\">\n<p><strong>Puret\u00e9 Responsable :<\/strong><\/p>\n<\/div>\n<div dir=\"auto\">\n<p>Cultiv\u00e9 de mani\u00e8re responsable, notre th\u00e9 noir bio incarne l&rsquo;\u00e9l\u00e9gance tout en pr\u00e9servant la puret\u00e9 des ingr\u00e9dients. Une d\u00e9licieuse escapade sensorielle o\u00f9 la vanille fleurit et o\u00f9 le poivre r\u00e9chauffe l&rsquo;\u00e2me.<\/p>\n<\/div>\n<div dir=\"auto\">\n<p><strong>Raffinement Accessible:<\/strong><\/p>\n<\/div>\n<div dir=\"auto\">Savourez une \u00e9l\u00e9gance raffin\u00e9e \u00e0 chaque gorg\u00e9e, que ce soit en solitaire pour un moment de calme ou entre amis pour partager une exp\u00e9rience th\u00e9in\u00e9e, Soa Gasy, o\u00f9 chaque tasse raconte une histoire de passion pour les saveurs authentiques.<\/div>\n<\/div>\n","protected":false},"excerpt":{"rendered":"<div dir=\"auto\">Le th\u00e9 noir Masala Cha\u00ef SoaGasy, est une boisson traditionnelle pr\u00e9sente \u00e0 Madagascar. C&rsquo;est une boisson incontournable aux \u00e9pices et saveurs indiennes. Le terme Chai d\u00e9signe le th\u00e9 en langue hindi. Le terme Masala est un terme g\u00e9n\u00e9rique pour d\u00e9signer un m\u00e9lange d\u2019\u00e9pices.<\/div>\n","protected":false},"featured_media":955,"comment_status":"open","ping_status":"closed","template":"","meta":{"_seopress_robots_primary_cat":"","_seopress_titles_title":"","_seopress_titles_desc":"","_seopress_robots_index":"","_kad_blocks_custom_css":"","_kad_blocks_head_custom_js":"","_kad_blocks_body_custom_js":"","_kad_blocks_footer_custom_js":"","_themeisle_gutenberg_block_has_review":false,"_kadence_starter_templates_imported_post":false,"_kad_post_transparent":"default","_kad_post_title":"","_kad_post_layout":"default","_kad_post_sidebar_id":"","_kad_post_content_style":"default","_kad_post_vertical_padding":"default","_kad_post_feature":"","_kad_post_feature_position":"","_kad_post_header":false,"_kad_post_footer":false,"_kad_post_classname":""},"product_brand":[],"product_cat":[25],"product_tag":[],"product_brands":[],"class_list":{"0":"post-290","1":"product","2":"type-product","3":"status-publish","4":"has-post-thumbnail","6":"product_cat-thes","8":"first","9":"instock","10":"taxable","11":"shipping-taxable","12":"purchasable","13":"product-type-simple","14":"entry","15":"content-bg","16":"loop-entry"},"taxonomy_info":{"product_cat":[{"value":25,"label":"Th\u00e9s"}]},"featured_image_src_large":["https:\/\/www.soagasy.com\/ma\/wp-content\/uploads\/2022\/09\/eefef-1024x1024.webp",1024,1024,true],"author_info":[],"comment_info":0,"_links":{"self":[{"href":"https:\/\/www.soagasy.com\/ma\/wp-json\/wp\/v2\/product\/290","targetHints":{"allow":["GET"]}}],"collection":[{"href":"https:\/\/www.soagasy.com\/ma\/wp-json\/wp\/v2\/product"}],"about":[{"href":"https:\/\/www.soagasy.com\/ma\/wp-json\/wp\/v2\/types\/product"}],"replies":[{"embeddable":true,"href":"https:\/\/www.soagasy.com\/ma\/wp-json\/wp\/v2\/comments?post=290"}],"wp:featuredmedia":[{"embeddable":true,"href":"https:\/\/www.soagasy.com\/ma\/wp-json\/wp\/v2\/media\/955"}],"wp:attachment":[{"href":"https:\/\/www.soagasy.com\/ma\/wp-json\/wp\/v2\/media?parent=290"}],"wp:term":[{"taxonomy":"product_brand","embeddable":true,"href":"https:\/\/www.soagasy.com\/ma\/wp-json\/wp\/v2\/product_brand?post=290"},{"taxonomy":"product_cat","embeddable":true,"href":"https:\/\/www.soagasy.com\/ma\/wp-json\/wp\/v2\/product_cat?post=290"},{"taxonomy":"product_tag","embeddable":true,"href":"https:\/\/www.soagasy.com\/ma\/wp-json\/wp\/v2\/product_tag?post=290"},{"taxonomy":"product_brands","embeddable":true,"href":"https:\/\/www.soagasy.com\/ma\/wp-json\/wp\/v2\/product_brands?post=290"}],"curies":[{"name":"wp","href":"https:\/\/api.w.org\/{rel}","templated":true}]}}