{"id":1025,"date":"2024-05-15T18:54:16","date_gmt":"2024-05-15T17:54:16","guid":{"rendered":"https:\/\/www.soagasy.com\/ma\/?post_type=product&#038;p=1025"},"modified":"2024-05-15T19:04:24","modified_gmt":"2024-05-15T18:04:24","slug":"chantilly-de-karite-vanille-bio","status":"publish","type":"product","link":"https:\/\/www.soagasy.com\/ma\/boutique\/nos-vanilles\/chantilly-de-karite-vanille-bio\/","title":{"rendered":"Chantilly de karit\u00e9 vanille bio\u00a0"},"content":{"rendered":"<p>Chantilly de karit\u00e9 vanille bio pour corps et cheveux<\/p>\n<p>La chantilly de karit\u00e9 bio au mac\u00e9r\u00e2t de vanille bourbon de Madagascar est un petit nuage de douceur.<\/p>\n<p>Cette fabrications artisanale by SoaGasy est compos\u00e9 de beurre de karit\u00e9 bio pour ses propri\u00e9t\u00e9s nourrissantes et r\u00e9paratrices, et \u00e0 un mac\u00e9r\u00e2t de vanille bio pour son odeur envo\u00fbtante. La vitamine E quant \u00e0 elle pr\u00e9serve le baume du rancissement tout en apportant ses propri\u00e9t\u00e9s antioxydantes.<\/p>\n<ol>\n<li>Ce complexe d\u2019huiles et beurres v\u00e9g\u00e9taux donne un soin haut de gamme, adapt\u00e9 \u00e0 tous les types de peaux et de cheveux.<\/li>\n<\/ol>\n<p>Sa texture fondante ne laisse pas de sensation de gras sur la peau et p\u00e9n\u00e8tre rapidement.<\/p>\n<p>La chantilly de karit\u00e9 bio au mac\u00e9r\u00e2t de vanille bourbon est plus qu\u2019un baume, c\u2019est un v\u00e9ritable soin multifonction!<\/p>\n<p>100 gr<\/p>\n","protected":false},"excerpt":{"rendered":"<p>Chantilly de karit\u00e9 vanille bio pour corps et cheveux La chantilly de karit\u00e9 bio au mac\u00e9r\u00e2t de vanille bourbon de Madagascar est un petit nuage de douceur. Cette fabrications artisanale by SoaGasy est compos\u00e9 de beurre de karit\u00e9 bio pour ses propri\u00e9t\u00e9s nourrissantes et r\u00e9paratrices, et \u00e0 un mac\u00e9r\u00e2t de vanille bio pour son odeur&#8230;<\/p>\n","protected":false},"featured_media":1026,"comment_status":"open","ping_status":"closed","template":"","meta":{"_seopress_robots_primary_cat":"","_seopress_titles_title":"","_seopress_titles_desc":"","_seopress_robots_index":"","_kad_blocks_custom_css":"","_kad_blocks_head_custom_js":"","_kad_blocks_body_custom_js":"","_kad_blocks_footer_custom_js":"","_themeisle_gutenberg_block_has_review":false,"_kadence_starter_templates_imported_post":false,"_kad_post_transparent":"default","_kad_post_title":"","_kad_post_layout":"default","_kad_post_sidebar_id":"","_kad_post_content_style":"default","_kad_post_vertical_padding":"default","_kad_post_feature":"","_kad_post_feature_position":"","_kad_post_header":false,"_kad_post_footer":false,"_kad_post_classname":""},"product_brand":[],"product_cat":[15],"product_tag":[],"product_brands":[],"class_list":{"0":"post-1025","1":"product","2":"type-product","3":"status-publish","4":"has-post-thumbnail","6":"product_cat-nos-vanilles","8":"first","9":"instock","10":"sale","11":"taxable","12":"shipping-taxable","13":"purchasable","14":"product-type-simple","15":"entry","16":"content-bg","17":"loop-entry"},"taxonomy_info":{"product_cat":[{"value":15,"label":"Nos vanilles"}]},"featured_image_src_large":["https:\/\/www.soagasy.com\/ma\/wp-content\/uploads\/2024\/05\/IMG_20240330_222525-768x1024.jpg",768,1024,true],"author_info":[],"comment_info":0,"_links":{"self":[{"href":"https:\/\/www.soagasy.com\/ma\/wp-json\/wp\/v2\/product\/1025","targetHints":{"allow":["GET"]}}],"collection":[{"href":"https:\/\/www.soagasy.com\/ma\/wp-json\/wp\/v2\/product"}],"about":[{"href":"https:\/\/www.soagasy.com\/ma\/wp-json\/wp\/v2\/types\/product"}],"replies":[{"embeddable":true,"href":"https:\/\/www.soagasy.com\/ma\/wp-json\/wp\/v2\/comments?post=1025"}],"wp:featuredmedia":[{"embeddable":true,"href":"https:\/\/www.soagasy.com\/ma\/wp-json\/wp\/v2\/media\/1026"}],"wp:attachment":[{"href":"https:\/\/www.soagasy.com\/ma\/wp-json\/wp\/v2\/media?parent=1025"}],"wp:term":[{"taxonomy":"product_brand","embeddable":true,"href":"https:\/\/www.soagasy.com\/ma\/wp-json\/wp\/v2\/product_brand?post=1025"},{"taxonomy":"product_cat","embeddable":true,"href":"https:\/\/www.soagasy.com\/ma\/wp-json\/wp\/v2\/product_cat?post=1025"},{"taxonomy":"product_tag","embeddable":true,"href":"https:\/\/www.soagasy.com\/ma\/wp-json\/wp\/v2\/product_tag?post=1025"},{"taxonomy":"product_brands","embeddable":true,"href":"https:\/\/www.soagasy.com\/ma\/wp-json\/wp\/v2\/product_brands?post=1025"}],"curies":[{"name":"wp","href":"https:\/\/api.w.org\/{rel}","templated":true}]}}