{"id":1008,"date":"2024-03-29T00:48:03","date_gmt":"2024-03-29T00:48:03","guid":{"rendered":"https:\/\/www.soagasy.com\/ma\/?post_type=product&#038;p=1008"},"modified":"2024-11-17T15:38:16","modified_gmt":"2024-11-17T14:38:16","slug":"baume-a-barbe-vanille","status":"publish","type":"product","link":"https:\/\/www.soagasy.com\/ma\/boutique\/baume-a-barbe\/baume-a-barbe-vanille\/","title":{"rendered":"Baume \u00e0 barbe vanille"},"content":{"rendered":"<p>Le Baume \u00e0 barbe SoaGasy est un soin pour barbe. Formul\u00e9 \u00e0 base de beurre de karit\u00e9 bio et d&rsquo;huile essentielle de vanille , il nourrit et hydrate tous les types de barbe, laissant une agr\u00e9able odeur. Il est particuli\u00e8rement r\u00e9put\u00e9 pour ses qualit\u00e9s adoucissantes et son parfum sucr\u00e9 et chaleureux. Il s&rsquo;applique quotidiennement pour maintenir la barbe douce et en bonne sant\u00e9.<\/p>\n<p>50 gr<\/p>\n","protected":false},"excerpt":{"rendered":"<p>Le Baume \u00e0 barbe SoaGasy est un soin pour barbe. Formul\u00e9 \u00e0 base de beurre de karit\u00e9 bio et d&rsquo;huile essentielle de vanille , il nourrit et hydrate tous les types de barbe, laissant une agr\u00e9able odeur. Il est particuli\u00e8rement r\u00e9put\u00e9 pour ses qualit\u00e9s adoucissantes et son parfum sucr\u00e9 et chaleureux. Il s&rsquo;applique quotidiennement pour&#8230;<\/p>\n","protected":false},"featured_media":1009,"comment_status":"open","ping_status":"closed","template":"","meta":{"_seopress_robots_primary_cat":"","_seopress_titles_title":"","_seopress_titles_desc":"","_seopress_robots_index":"","_kad_blocks_custom_css":"","_kad_blocks_head_custom_js":"","_kad_blocks_body_custom_js":"","_kad_blocks_footer_custom_js":"","_themeisle_gutenberg_block_has_review":false,"_kadence_starter_templates_imported_post":false,"_kad_post_transparent":"default","_kad_post_title":"","_kad_post_layout":"default","_kad_post_sidebar_id":"","_kad_post_content_style":"default","_kad_post_vertical_padding":"default","_kad_post_feature":"","_kad_post_feature_position":"","_kad_post_header":false,"_kad_post_footer":false,"_kad_post_classname":""},"product_brand":[],"product_cat":[38],"product_tag":[],"product_brands":[],"class_list":{"0":"post-1008","1":"product","2":"type-product","3":"status-publish","4":"has-post-thumbnail","6":"product_cat-baume-a-barbe","8":"first","9":"instock","10":"taxable","11":"shipping-taxable","12":"purchasable","13":"product-type-simple","14":"entry","15":"content-bg","16":"loop-entry"},"taxonomy_info":{"product_cat":[{"value":38,"label":"Baume \u00e0 barbe"}]},"featured_image_src_large":["https:\/\/www.soagasy.com\/ma\/wp-content\/uploads\/2024\/03\/IMG-20240229-WA0083.jpg",666,666,false],"author_info":[],"comment_info":0,"_links":{"self":[{"href":"https:\/\/www.soagasy.com\/ma\/wp-json\/wp\/v2\/product\/1008","targetHints":{"allow":["GET"]}}],"collection":[{"href":"https:\/\/www.soagasy.com\/ma\/wp-json\/wp\/v2\/product"}],"about":[{"href":"https:\/\/www.soagasy.com\/ma\/wp-json\/wp\/v2\/types\/product"}],"replies":[{"embeddable":true,"href":"https:\/\/www.soagasy.com\/ma\/wp-json\/wp\/v2\/comments?post=1008"}],"wp:featuredmedia":[{"embeddable":true,"href":"https:\/\/www.soagasy.com\/ma\/wp-json\/wp\/v2\/media\/1009"}],"wp:attachment":[{"href":"https:\/\/www.soagasy.com\/ma\/wp-json\/wp\/v2\/media?parent=1008"}],"wp:term":[{"taxonomy":"product_brand","embeddable":true,"href":"https:\/\/www.soagasy.com\/ma\/wp-json\/wp\/v2\/product_brand?post=1008"},{"taxonomy":"product_cat","embeddable":true,"href":"https:\/\/www.soagasy.com\/ma\/wp-json\/wp\/v2\/product_cat?post=1008"},{"taxonomy":"product_tag","embeddable":true,"href":"https:\/\/www.soagasy.com\/ma\/wp-json\/wp\/v2\/product_tag?post=1008"},{"taxonomy":"product_brands","embeddable":true,"href":"https:\/\/www.soagasy.com\/ma\/wp-json\/wp\/v2\/product_brands?post=1008"}],"curies":[{"name":"wp","href":"https:\/\/api.w.org\/{rel}","templated":true}]}}